{"id":28896,"date":"2025-08-24T13:54:55","date_gmt":"2025-08-24T13:54:55","guid":{"rendered":"https:\/\/taj-crystal.com\/?post_type=product&#038;p=28896"},"modified":"2025-08-24T15:50:04","modified_gmt":"2025-08-24T15:50:04","slug":"osmose-inverse-commercial-20-sans-reservoir","status":"publish","type":"product","link":"https:\/\/taj-crystal.com\/?product=osmose-inverse-commercial-20-sans-reservoir","title":{"rendered":"Osmose inverse commercial (20&#8243;) Sans Reservoir"},"content":{"rendered":"<p>Double Porte filtre \u00e0 eau avec insert laiton (20\u2033) \u00e0 installer sur un r\u00e9seau d\u2019eau froide pour filtrer les boues ou poussi\u00e8res dans vos canalisations suite \u00e0 des travaux via la cartouches de filtre s\u00e9diment et 1 cartouche de filtre au charbon actif pour \u00e9liminer le chlore, le mauvais go\u00fbt et mauvaises odeurs.<\/p>\n","protected":false},"excerpt":{"rendered":"<p>Double Porte filtre \u00e0 eau avec insert laiton (20\u2033) \u00e0 installer sur un r\u00e9seau d\u2019eau froide pour filtrer les boues<\/p>\n","protected":false},"featured_media":28869,"comment_status":"closed","ping_status":"closed","template":"","meta":{"_glsr_average":0,"_glsr_ranking":0,"_glsr_reviews":0},"product_brand":[],"product_cat":[104],"product_tag":[],"class_list":{"0":"post-28896","1":"product","2":"type-product","3":"status-publish","4":"has-post-thumbnail","6":"product_cat-systemes-de-filtration-sous-evier","8":"first","9":"instock","10":"taxable","11":"shipping-taxable","12":"product-type-simple"},"yoast_head":"<!-- This site is optimized with the Yoast SEO plugin v26.8 - https:\/\/yoast.com\/product\/yoast-seo-wordpress\/ -->\n<title>Osmose inverse commercial (20&quot;) Sans Reservoir - Taj-crystal<\/title>\n<meta name=\"robots\" content=\"index, follow, max-snippet:-1, max-image-preview:large, max-video-preview:-1\" \/>\n<link rel=\"canonical\" href=\"https:\/\/taj-crystal.com\/?product=osmose-inverse-commercial-20-sans-reservoir\" \/>\n<meta property=\"og:locale\" content=\"en_US\" \/>\n<meta property=\"og:type\" content=\"article\" \/>\n<meta property=\"og:title\" content=\"Osmose inverse commercial (20&quot;) Sans Reservoir - Taj-crystal\" \/>\n<meta property=\"og:description\" content=\"Double Porte filtre \u00e0 eau avec insert laiton (20\u2033) \u00e0 installer sur un r\u00e9seau d\u2019eau froide pour filtrer les boues\" \/>\n<meta property=\"og:url\" content=\"https:\/\/taj-crystal.com\/?product=osmose-inverse-commercial-20-sans-reservoir\" \/>\n<meta property=\"og:site_name\" content=\"Taj-crystal\" \/>\n<meta property=\"article:publisher\" content=\"https:\/\/www.facebook.com\/profile.php?id=61566584857693\" \/>\n<meta property=\"article:modified_time\" content=\"2025-08-24T15:50:04+00:00\" \/>\n<meta property=\"og:image\" content=\"https:\/\/taj-crystal.com\/wp-content\/uploads\/2024\/09\/TAJ-CRYSTAL-777777777-1.png\" \/>\n\t<meta property=\"og:image:width\" content=\"300\" \/>\n\t<meta property=\"og:image:height\" content=\"300\" \/>\n\t<meta property=\"og:image:type\" content=\"image\/png\" \/>\n<meta name=\"twitter:card\" content=\"summary_large_image\" \/>\n<meta name=\"twitter:label1\" content=\"Est. reading time\" \/>\n\t<meta name=\"twitter:data1\" content=\"1 minute\" \/>\n<script type=\"application\/ld+json\" class=\"yoast-schema-graph\">{\"@context\":\"https:\/\/schema.org\",\"@graph\":[{\"@type\":\"WebPage\",\"@id\":\"https:\/\/taj-crystal.com\/?product=osmose-inverse-commercial-20-sans-reservoir\",\"url\":\"https:\/\/taj-crystal.com\/?product=osmose-inverse-commercial-20-sans-reservoir\",\"name\":\"Osmose inverse commercial (20\\\") Sans Reservoir - Taj-crystal\",\"isPartOf\":{\"@id\":\"https:\/\/taj-crystal.com\/#website\"},\"primaryImageOfPage\":{\"@id\":\"https:\/\/taj-crystal.com\/?product=osmose-inverse-commercial-20-sans-reservoir#primaryimage\"},\"image\":{\"@id\":\"https:\/\/taj-crystal.com\/?product=osmose-inverse-commercial-20-sans-reservoir#primaryimage\"},\"thumbnailUrl\":\"https:\/\/taj-crystal.com\/wp-content\/uploads\/2024\/09\/TAJ-CRYSTAL-777777777-1.png\",\"datePublished\":\"2025-08-24T13:54:55+00:00\",\"dateModified\":\"2025-08-24T15:50:04+00:00\",\"breadcrumb\":{\"@id\":\"https:\/\/taj-crystal.com\/?product=osmose-inverse-commercial-20-sans-reservoir#breadcrumb\"},\"inLanguage\":\"en-US\",\"potentialAction\":[{\"@type\":\"ReadAction\",\"target\":[\"https:\/\/taj-crystal.com\/?product=osmose-inverse-commercial-20-sans-reservoir\"]}]},{\"@type\":\"ImageObject\",\"inLanguage\":\"en-US\",\"@id\":\"https:\/\/taj-crystal.com\/?product=osmose-inverse-commercial-20-sans-reservoir#primaryimage\",\"url\":\"https:\/\/taj-crystal.com\/wp-content\/uploads\/2024\/09\/TAJ-CRYSTAL-777777777-1.png\",\"contentUrl\":\"https:\/\/taj-crystal.com\/wp-content\/uploads\/2024\/09\/TAJ-CRYSTAL-777777777-1.png\",\"width\":300,\"height\":300},{\"@type\":\"BreadcrumbList\",\"@id\":\"https:\/\/taj-crystal.com\/?product=osmose-inverse-commercial-20-sans-reservoir#breadcrumb\",\"itemListElement\":[{\"@type\":\"ListItem\",\"position\":1,\"name\":\"Home\",\"item\":\"https:\/\/taj-crystal.com\/\"},{\"@type\":\"ListItem\",\"position\":2,\"name\":\"Products\",\"item\":\"https:\/\/taj-crystal.com\/shop\/\"},{\"@type\":\"ListItem\",\"position\":3,\"name\":\"Osmose inverse commercial (20&#8243;) Sans Reservoir\"}]},{\"@type\":\"WebSite\",\"@id\":\"https:\/\/taj-crystal.com\/#website\",\"url\":\"https:\/\/taj-crystal.com\/\",\"name\":\"Taj-Crystal\",\"description\":\"| Achat Filtre \u00e0 eau Maroc | Purificateur d&#039;eau\",\"publisher\":{\"@id\":\"https:\/\/taj-crystal.com\/#organization\"},\"potentialAction\":[{\"@type\":\"SearchAction\",\"target\":{\"@type\":\"EntryPoint\",\"urlTemplate\":\"https:\/\/taj-crystal.com\/?s={search_term_string}\"},\"query-input\":{\"@type\":\"PropertyValueSpecification\",\"valueRequired\":true,\"valueName\":\"search_term_string\"}}],\"inLanguage\":\"en-US\"},{\"@type\":\"Organization\",\"@id\":\"https:\/\/taj-crystal.com\/#organization\",\"name\":\"Taj-Crystal\",\"url\":\"https:\/\/taj-crystal.com\/\",\"logo\":{\"@type\":\"ImageObject\",\"inLanguage\":\"en-US\",\"@id\":\"https:\/\/taj-crystal.com\/#\/schema\/logo\/image\/\",\"url\":\"https:\/\/taj-crystal.com\/wp-content\/uploads\/2024\/12\/cropped-WhatsApp-Image-2024-10-17-at-23.10.19.jpeg\",\"contentUrl\":\"https:\/\/taj-crystal.com\/wp-content\/uploads\/2024\/12\/cropped-WhatsApp-Image-2024-10-17-at-23.10.19.jpeg\",\"width\":512,\"height\":512,\"caption\":\"Taj-Crystal\"},\"image\":{\"@id\":\"https:\/\/taj-crystal.com\/#\/schema\/logo\/image\/\"},\"sameAs\":[\"https:\/\/www.facebook.com\/profile.php?id=61566584857693\"]}]}<\/script>\n<!-- \/ Yoast SEO plugin. -->","yoast_head_json":{"title":"Osmose inverse commercial (20\") Sans Reservoir - Taj-crystal","robots":{"index":"index","follow":"follow","max-snippet":"max-snippet:-1","max-image-preview":"max-image-preview:large","max-video-preview":"max-video-preview:-1"},"canonical":"https:\/\/taj-crystal.com\/?product=osmose-inverse-commercial-20-sans-reservoir","og_locale":"en_US","og_type":"article","og_title":"Osmose inverse commercial (20\") Sans Reservoir - Taj-crystal","og_description":"Double Porte filtre \u00e0 eau avec insert laiton (20\u2033) \u00e0 installer sur un r\u00e9seau d\u2019eau froide pour filtrer les boues","og_url":"https:\/\/taj-crystal.com\/?product=osmose-inverse-commercial-20-sans-reservoir","og_site_name":"Taj-crystal","article_publisher":"https:\/\/www.facebook.com\/profile.php?id=61566584857693","article_modified_time":"2025-08-24T15:50:04+00:00","og_image":[{"width":300,"height":300,"url":"https:\/\/taj-crystal.com\/wp-content\/uploads\/2024\/09\/TAJ-CRYSTAL-777777777-1.png","type":"image\/png"}],"twitter_card":"summary_large_image","twitter_misc":{"Est. reading time":"1 minute"},"schema":{"@context":"https:\/\/schema.org","@graph":[{"@type":"WebPage","@id":"https:\/\/taj-crystal.com\/?product=osmose-inverse-commercial-20-sans-reservoir","url":"https:\/\/taj-crystal.com\/?product=osmose-inverse-commercial-20-sans-reservoir","name":"Osmose inverse commercial (20\") Sans Reservoir - Taj-crystal","isPartOf":{"@id":"https:\/\/taj-crystal.com\/#website"},"primaryImageOfPage":{"@id":"https:\/\/taj-crystal.com\/?product=osmose-inverse-commercial-20-sans-reservoir#primaryimage"},"image":{"@id":"https:\/\/taj-crystal.com\/?product=osmose-inverse-commercial-20-sans-reservoir#primaryimage"},"thumbnailUrl":"https:\/\/taj-crystal.com\/wp-content\/uploads\/2024\/09\/TAJ-CRYSTAL-777777777-1.png","datePublished":"2025-08-24T13:54:55+00:00","dateModified":"2025-08-24T15:50:04+00:00","breadcrumb":{"@id":"https:\/\/taj-crystal.com\/?product=osmose-inverse-commercial-20-sans-reservoir#breadcrumb"},"inLanguage":"en-US","potentialAction":[{"@type":"ReadAction","target":["https:\/\/taj-crystal.com\/?product=osmose-inverse-commercial-20-sans-reservoir"]}]},{"@type":"ImageObject","inLanguage":"en-US","@id":"https:\/\/taj-crystal.com\/?product=osmose-inverse-commercial-20-sans-reservoir#primaryimage","url":"https:\/\/taj-crystal.com\/wp-content\/uploads\/2024\/09\/TAJ-CRYSTAL-777777777-1.png","contentUrl":"https:\/\/taj-crystal.com\/wp-content\/uploads\/2024\/09\/TAJ-CRYSTAL-777777777-1.png","width":300,"height":300},{"@type":"BreadcrumbList","@id":"https:\/\/taj-crystal.com\/?product=osmose-inverse-commercial-20-sans-reservoir#breadcrumb","itemListElement":[{"@type":"ListItem","position":1,"name":"Home","item":"https:\/\/taj-crystal.com\/"},{"@type":"ListItem","position":2,"name":"Products","item":"https:\/\/taj-crystal.com\/shop\/"},{"@type":"ListItem","position":3,"name":"Osmose inverse commercial (20&#8243;) Sans Reservoir"}]},{"@type":"WebSite","@id":"https:\/\/taj-crystal.com\/#website","url":"https:\/\/taj-crystal.com\/","name":"Taj-Crystal","description":"| Achat Filtre \u00e0 eau Maroc | Purificateur d&#039;eau","publisher":{"@id":"https:\/\/taj-crystal.com\/#organization"},"potentialAction":[{"@type":"SearchAction","target":{"@type":"EntryPoint","urlTemplate":"https:\/\/taj-crystal.com\/?s={search_term_string}"},"query-input":{"@type":"PropertyValueSpecification","valueRequired":true,"valueName":"search_term_string"}}],"inLanguage":"en-US"},{"@type":"Organization","@id":"https:\/\/taj-crystal.com\/#organization","name":"Taj-Crystal","url":"https:\/\/taj-crystal.com\/","logo":{"@type":"ImageObject","inLanguage":"en-US","@id":"https:\/\/taj-crystal.com\/#\/schema\/logo\/image\/","url":"https:\/\/taj-crystal.com\/wp-content\/uploads\/2024\/12\/cropped-WhatsApp-Image-2024-10-17-at-23.10.19.jpeg","contentUrl":"https:\/\/taj-crystal.com\/wp-content\/uploads\/2024\/12\/cropped-WhatsApp-Image-2024-10-17-at-23.10.19.jpeg","width":512,"height":512,"caption":"Taj-Crystal"},"image":{"@id":"https:\/\/taj-crystal.com\/#\/schema\/logo\/image\/"},"sameAs":["https:\/\/www.facebook.com\/profile.php?id=61566584857693"]}]}},"jetpack_sharing_enabled":true,"_links":{"self":[{"href":"https:\/\/taj-crystal.com\/index.php?rest_route=\/wp\/v2\/product\/28896","targetHints":{"allow":["GET"]}}],"collection":[{"href":"https:\/\/taj-crystal.com\/index.php?rest_route=\/wp\/v2\/product"}],"about":[{"href":"https:\/\/taj-crystal.com\/index.php?rest_route=\/wp\/v2\/types\/product"}],"replies":[{"embeddable":true,"href":"https:\/\/taj-crystal.com\/index.php?rest_route=%2Fwp%2Fv2%2Fcomments&post=28896"}],"version-history":[{"count":1,"href":"https:\/\/taj-crystal.com\/index.php?rest_route=\/wp\/v2\/product\/28896\/revisions"}],"predecessor-version":[{"id":28898,"href":"https:\/\/taj-crystal.com\/index.php?rest_route=\/wp\/v2\/product\/28896\/revisions\/28898"}],"wp:featuredmedia":[{"embeddable":true,"href":"https:\/\/taj-crystal.com\/index.php?rest_route=\/wp\/v2\/media\/28869"}],"wp:attachment":[{"href":"https:\/\/taj-crystal.com\/index.php?rest_route=%2Fwp%2Fv2%2Fmedia&parent=28896"}],"wp:term":[{"taxonomy":"product_brand","embeddable":true,"href":"https:\/\/taj-crystal.com\/index.php?rest_route=%2Fwp%2Fv2%2Fproduct_brand&post=28896"},{"taxonomy":"product_cat","embeddable":true,"href":"https:\/\/taj-crystal.com\/index.php?rest_route=%2Fwp%2Fv2%2Fproduct_cat&post=28896"},{"taxonomy":"product_tag","embeddable":true,"href":"https:\/\/taj-crystal.com\/index.php?rest_route=%2Fwp%2Fv2%2Fproduct_tag&post=28896"}],"curies":[{"name":"wp","href":"https:\/\/api.w.org\/{rel}","templated":true}]}}