{"id":334,"date":"2021-08-27T11:42:20","date_gmt":"2021-08-27T11:42:20","guid":{"rendered":"https:\/\/taj-crystal.com\/product\/decoration-wooden-present\/"},"modified":"2025-03-16T19:40:47","modified_gmt":"2025-03-16T19:40:47","slug":"decoration-wooden-present","status":"publish","type":"product","link":"https:\/\/taj-crystal.com\/?product=decoration-wooden-present","title":{"rendered":"Distributeur d\u2019eau d\u2019osmose inverse debout"},"content":{"rendered":"\t\t<div data-elementor-type=\"wp-post\" data-elementor-id=\"334\" class=\"elementor elementor-334\">\n\t\t\t\t<div class=\"wd-negative-gap elementor-element elementor-element-48bdff7 e-flex e-con-boxed e-con e-parent\" data-id=\"48bdff7\" data-element_type=\"container\" data-e-type=\"container\">\n\t\t\t\t\t<div class=\"e-con-inner\">\n\t\t\t\t<div class=\"elementor-element elementor-element-2b4019fe color-scheme-inherit text-left elementor-widget elementor-widget-text-editor\" data-id=\"2b4019fe\" data-element_type=\"widget\" data-e-type=\"widget\" data-widget_type=\"text-editor.default\">\n\t\t\t\t<div class=\"elementor-widget-container\">\n\t\t\t\t\t\t\t\t\t<h3>Distributeur d\u2019eau debout \u00e0 osmose inverse avec eau fra\u00eeche, froide et chaude avec 4 filtres de la Cor\u00e9e.<\/h3><p>Cette fontaine de filtration avec Ecran LED est un purificateur d\u2019eau polyvalent con\u00e7u pour une utilisation \u00e0 domicile et en milieu professionnel, tels que les restaurants, les h\u00f4pitaux et les bureaux.<\/p><p>Dot\u00e9e d\u2019un r\u00e9servoir de grande capacit\u00e9, cette fontaine vous offre une source d\u2019eau fra\u00eeche, froide et chaude \u00e0 tout moment.<\/p><p>Mode de refroidissement\u00a0 \u00a0 \u00a0 \u00a0 \u00a0 \u00a0 \u00a0 \u00a0 \u00a0 \u00a0 \u00a0 \u00a0 \u00a0 \u00a0 <strong>: Compresseur <span class=\"OYPEnA font-feature-liga-off font-feature-clig-off font-feature-calt-off text-decoration-none text-strikethrough-none\">(R134a)<\/span><\/strong><br \/>Mat\u00e9riel du r\u00e9servoir\u00a0 \u00a0 \u00a0 \u00a0 \u00a0 \u00a0 \u00a0 \u00a0 \u00a0 \u00a0 \u00a0 \u00a0 \u00a0 \u00a0 \u00a0 \u00a0<strong>\u00a0 \u00a0 \u00a0 : Acier inoxydable 304SS\u00a0 \u00a0 \u00a0 \u00a0 \u00a0 \u00a0 \u00a0 \u00a0 \u00a0 \u00a0<\/strong><br \/>Capacit\u00e9 d\u2019eau\u00a0 \u00a0 \u00a0 \u00a0 \u00a0 \u00a0 \u00a0 \u00a0 \u00a0 \u00a0 \u00a0 \u00a0 \u00a0 \u00a0 \u00a0 \u00a0 \u00a0 \u00a0 \u00a0 \u00a0 \u00a0 \u00a0 \u00a0 \u00a0 \u00a0 \u00a0<strong>: 0.1MPa~0.4MPa<\/strong><br \/>Tension nominale\u00a0 \u00a0 \u00a0 \u00a0 \u00a0 \u00a0 \u00a0 \u00a0 \u00a0 \u00a0 \u00a0 \u00a0 \u00a0 \u00a0 \u00a0 \u00a0 \u00a0 \u00a0 \u00a0 \u00a0 \u00a0 \u00a0 \u00a0<strong>: \u00a0\u22650.5L\/Min<\/strong><br \/>Capacit\u00e9 de chauffage\u00a0 \u00a0 \u00a0 \u00a0 \u00a0 \u00a0 \u00a0 \u00a0 \u00a0 \u00a0 \u00a0 \u00a0 \u00a0 \u00a0 \u00a0 \u00a0 \u00a0 <strong>: 20L<\/strong><br \/>Puissance de refroidissement\u00a0 \u00a0 \u00a0 \u00a0 \u00a0 \u00a0 \u00a0 \u00a0 \u00a0 <strong>: 220V \u033450Hz<\/strong><br \/>Capacit\u00e9 de refroidissement\u00a0 \u00a0 \u00a0 \u00a0 \u00a0 \u00a0 \u00a0 \u00a0 \u00a0 \u00a0 \u00a0<strong>: 85\u00b0C-95\u00b0C 5L\/h<\/strong><br \/>D\u00e9bit et temp\u00e9rature d\u2019eau chaude\u00a0 \u00a0 \u00a0 <strong>: 90W<\/strong><br \/>D\u00e9bit et temp\u00e9rature d\u2019eau froide\u00a0 \u00a0 \u00a0 \u00a0 \u00a0<strong>: 6\u00b0C-10\u00b0C 20L\/h<\/strong><br \/>Verrou de s\u00e9curit\u00e9 pour les enfants\u00a0 \u00a0 \u00a0\u00a0<strong>: 5L\/h. \u2265 90\u02daC |<\/strong><strong>\u00a02L\/h. \u2265 10\u02daC<\/strong><\/p><p>Made in KOREA<\/p><p>Ecran LED<\/p>\t\t\t\t\t\t\t\t<\/div>\n\t\t\t\t<\/div>\n\t\t\t\t\t<\/div>\n\t\t\t\t<\/div>\n\t\t\t\t<\/div>\n\t\t","protected":false},"excerpt":{"rendered":"<p>Distributeur d\u2019eau debout \u00e0 osmose inverse avec eau fra\u00eeche, froide et chaude avec 4 filtres de la Cor\u00e9e. Cette fontaine<\/p>\n","protected":false},"featured_media":4663,"comment_status":"closed","ping_status":"closed","template":"","meta":{"_glsr_average":0,"_glsr_ranking":0,"_glsr_reviews":0},"product_brand":[],"product_cat":[101],"product_tag":[],"class_list":{"0":"post-334","1":"product","2":"type-product","3":"status-publish","4":"has-post-thumbnail","6":"product_cat-fontaine-de-filtration-froide-chaude","8":"first","9":"instock","10":"taxable","11":"shipping-taxable","12":"purchasable","13":"product-type-simple"},"yoast_head":"<!-- This site is optimized with the Yoast SEO plugin v26.8 - https:\/\/yoast.com\/product\/yoast-seo-wordpress\/ -->\n<title>Distributeur d\u2019eau d\u2019osmose inverse debout - Taj-crystal<\/title>\n<meta name=\"robots\" content=\"index, follow, max-snippet:-1, max-image-preview:large, max-video-preview:-1\" \/>\n<link rel=\"canonical\" href=\"https:\/\/taj-crystal.com\/?product=decoration-wooden-present\" \/>\n<meta property=\"og:locale\" content=\"en_US\" \/>\n<meta property=\"og:type\" content=\"article\" \/>\n<meta property=\"og:title\" content=\"Distributeur d\u2019eau d\u2019osmose inverse debout - Taj-crystal\" \/>\n<meta property=\"og:description\" content=\"Distributeur d\u2019eau debout \u00e0 osmose inverse avec eau fra\u00eeche, froide et chaude avec 4 filtres de la Cor\u00e9e. Cette fontaine\" \/>\n<meta property=\"og:url\" content=\"https:\/\/taj-crystal.com\/?product=decoration-wooden-present\" \/>\n<meta property=\"og:site_name\" content=\"Taj-crystal\" \/>\n<meta property=\"article:publisher\" content=\"https:\/\/www.facebook.com\/profile.php?id=61566584857693\" \/>\n<meta property=\"article:modified_time\" content=\"2025-03-16T19:40:47+00:00\" \/>\n<meta property=\"og:image\" content=\"https:\/\/taj-crystal.com\/wp-content\/uploads\/2024\/09\/M12-V2-scaled.jpg\" \/>\n\t<meta property=\"og:image:width\" content=\"2560\" \/>\n\t<meta property=\"og:image:height\" content=\"2560\" \/>\n\t<meta property=\"og:image:type\" content=\"image\/jpeg\" \/>\n<meta name=\"twitter:card\" content=\"summary_large_image\" \/>\n<meta name=\"twitter:label1\" content=\"Est. reading time\" \/>\n\t<meta name=\"twitter:data1\" content=\"1 minute\" \/>\n<script type=\"application\/ld+json\" class=\"yoast-schema-graph\">{\"@context\":\"https:\/\/schema.org\",\"@graph\":[{\"@type\":\"WebPage\",\"@id\":\"https:\/\/taj-crystal.com\/?product=decoration-wooden-present\",\"url\":\"https:\/\/taj-crystal.com\/?product=decoration-wooden-present\",\"name\":\"Distributeur d\u2019eau d\u2019osmose inverse debout - Taj-crystal\",\"isPartOf\":{\"@id\":\"https:\/\/taj-crystal.com\/#website\"},\"primaryImageOfPage\":{\"@id\":\"https:\/\/taj-crystal.com\/?product=decoration-wooden-present#primaryimage\"},\"image\":{\"@id\":\"https:\/\/taj-crystal.com\/?product=decoration-wooden-present#primaryimage\"},\"thumbnailUrl\":\"https:\/\/taj-crystal.com\/wp-content\/uploads\/2024\/09\/M12-V2-scaled.jpg\",\"datePublished\":\"2021-08-27T11:42:20+00:00\",\"dateModified\":\"2025-03-16T19:40:47+00:00\",\"breadcrumb\":{\"@id\":\"https:\/\/taj-crystal.com\/?product=decoration-wooden-present#breadcrumb\"},\"inLanguage\":\"en-US\",\"potentialAction\":[{\"@type\":\"ReadAction\",\"target\":[\"https:\/\/taj-crystal.com\/?product=decoration-wooden-present\"]}]},{\"@type\":\"ImageObject\",\"inLanguage\":\"en-US\",\"@id\":\"https:\/\/taj-crystal.com\/?product=decoration-wooden-present#primaryimage\",\"url\":\"https:\/\/taj-crystal.com\/wp-content\/uploads\/2024\/09\/M12-V2-scaled.jpg\",\"contentUrl\":\"https:\/\/taj-crystal.com\/wp-content\/uploads\/2024\/09\/M12-V2-scaled.jpg\",\"width\":2560,\"height\":2560,\"caption\":\"Distributeur d\u2019eau d\u2019osmose inverse debout\"},{\"@type\":\"BreadcrumbList\",\"@id\":\"https:\/\/taj-crystal.com\/?product=decoration-wooden-present#breadcrumb\",\"itemListElement\":[{\"@type\":\"ListItem\",\"position\":1,\"name\":\"Home\",\"item\":\"https:\/\/taj-crystal.com\/\"},{\"@type\":\"ListItem\",\"position\":2,\"name\":\"Products\",\"item\":\"https:\/\/taj-crystal.com\/shop\/\"},{\"@type\":\"ListItem\",\"position\":3,\"name\":\"Distributeur d\u2019eau d\u2019osmose inverse debout\"}]},{\"@type\":\"WebSite\",\"@id\":\"https:\/\/taj-crystal.com\/#website\",\"url\":\"https:\/\/taj-crystal.com\/\",\"name\":\"Taj-Crystal\",\"description\":\"| Achat Filtre \u00e0 eau Maroc | Purificateur d&#039;eau\",\"publisher\":{\"@id\":\"https:\/\/taj-crystal.com\/#organization\"},\"potentialAction\":[{\"@type\":\"SearchAction\",\"target\":{\"@type\":\"EntryPoint\",\"urlTemplate\":\"https:\/\/taj-crystal.com\/?s={search_term_string}\"},\"query-input\":{\"@type\":\"PropertyValueSpecification\",\"valueRequired\":true,\"valueName\":\"search_term_string\"}}],\"inLanguage\":\"en-US\"},{\"@type\":\"Organization\",\"@id\":\"https:\/\/taj-crystal.com\/#organization\",\"name\":\"Taj-Crystal\",\"url\":\"https:\/\/taj-crystal.com\/\",\"logo\":{\"@type\":\"ImageObject\",\"inLanguage\":\"en-US\",\"@id\":\"https:\/\/taj-crystal.com\/#\/schema\/logo\/image\/\",\"url\":\"https:\/\/taj-crystal.com\/wp-content\/uploads\/2024\/12\/cropped-WhatsApp-Image-2024-10-17-at-23.10.19.jpeg\",\"contentUrl\":\"https:\/\/taj-crystal.com\/wp-content\/uploads\/2024\/12\/cropped-WhatsApp-Image-2024-10-17-at-23.10.19.jpeg\",\"width\":512,\"height\":512,\"caption\":\"Taj-Crystal\"},\"image\":{\"@id\":\"https:\/\/taj-crystal.com\/#\/schema\/logo\/image\/\"},\"sameAs\":[\"https:\/\/www.facebook.com\/profile.php?id=61566584857693\"]}]}<\/script>\n<!-- \/ Yoast SEO plugin. -->","yoast_head_json":{"title":"Distributeur d\u2019eau d\u2019osmose inverse debout - Taj-crystal","robots":{"index":"index","follow":"follow","max-snippet":"max-snippet:-1","max-image-preview":"max-image-preview:large","max-video-preview":"max-video-preview:-1"},"canonical":"https:\/\/taj-crystal.com\/?product=decoration-wooden-present","og_locale":"en_US","og_type":"article","og_title":"Distributeur d\u2019eau d\u2019osmose inverse debout - Taj-crystal","og_description":"Distributeur d\u2019eau debout \u00e0 osmose inverse avec eau fra\u00eeche, froide et chaude avec 4 filtres de la Cor\u00e9e. Cette fontaine","og_url":"https:\/\/taj-crystal.com\/?product=decoration-wooden-present","og_site_name":"Taj-crystal","article_publisher":"https:\/\/www.facebook.com\/profile.php?id=61566584857693","article_modified_time":"2025-03-16T19:40:47+00:00","og_image":[{"width":2560,"height":2560,"url":"https:\/\/taj-crystal.com\/wp-content\/uploads\/2024\/09\/M12-V2-scaled.jpg","type":"image\/jpeg"}],"twitter_card":"summary_large_image","twitter_misc":{"Est. reading time":"1 minute"},"schema":{"@context":"https:\/\/schema.org","@graph":[{"@type":"WebPage","@id":"https:\/\/taj-crystal.com\/?product=decoration-wooden-present","url":"https:\/\/taj-crystal.com\/?product=decoration-wooden-present","name":"Distributeur d\u2019eau d\u2019osmose inverse debout - Taj-crystal","isPartOf":{"@id":"https:\/\/taj-crystal.com\/#website"},"primaryImageOfPage":{"@id":"https:\/\/taj-crystal.com\/?product=decoration-wooden-present#primaryimage"},"image":{"@id":"https:\/\/taj-crystal.com\/?product=decoration-wooden-present#primaryimage"},"thumbnailUrl":"https:\/\/taj-crystal.com\/wp-content\/uploads\/2024\/09\/M12-V2-scaled.jpg","datePublished":"2021-08-27T11:42:20+00:00","dateModified":"2025-03-16T19:40:47+00:00","breadcrumb":{"@id":"https:\/\/taj-crystal.com\/?product=decoration-wooden-present#breadcrumb"},"inLanguage":"en-US","potentialAction":[{"@type":"ReadAction","target":["https:\/\/taj-crystal.com\/?product=decoration-wooden-present"]}]},{"@type":"ImageObject","inLanguage":"en-US","@id":"https:\/\/taj-crystal.com\/?product=decoration-wooden-present#primaryimage","url":"https:\/\/taj-crystal.com\/wp-content\/uploads\/2024\/09\/M12-V2-scaled.jpg","contentUrl":"https:\/\/taj-crystal.com\/wp-content\/uploads\/2024\/09\/M12-V2-scaled.jpg","width":2560,"height":2560,"caption":"Distributeur d\u2019eau d\u2019osmose inverse debout"},{"@type":"BreadcrumbList","@id":"https:\/\/taj-crystal.com\/?product=decoration-wooden-present#breadcrumb","itemListElement":[{"@type":"ListItem","position":1,"name":"Home","item":"https:\/\/taj-crystal.com\/"},{"@type":"ListItem","position":2,"name":"Products","item":"https:\/\/taj-crystal.com\/shop\/"},{"@type":"ListItem","position":3,"name":"Distributeur d\u2019eau d\u2019osmose inverse debout"}]},{"@type":"WebSite","@id":"https:\/\/taj-crystal.com\/#website","url":"https:\/\/taj-crystal.com\/","name":"Taj-Crystal","description":"| Achat Filtre \u00e0 eau Maroc | Purificateur d&#039;eau","publisher":{"@id":"https:\/\/taj-crystal.com\/#organization"},"potentialAction":[{"@type":"SearchAction","target":{"@type":"EntryPoint","urlTemplate":"https:\/\/taj-crystal.com\/?s={search_term_string}"},"query-input":{"@type":"PropertyValueSpecification","valueRequired":true,"valueName":"search_term_string"}}],"inLanguage":"en-US"},{"@type":"Organization","@id":"https:\/\/taj-crystal.com\/#organization","name":"Taj-Crystal","url":"https:\/\/taj-crystal.com\/","logo":{"@type":"ImageObject","inLanguage":"en-US","@id":"https:\/\/taj-crystal.com\/#\/schema\/logo\/image\/","url":"https:\/\/taj-crystal.com\/wp-content\/uploads\/2024\/12\/cropped-WhatsApp-Image-2024-10-17-at-23.10.19.jpeg","contentUrl":"https:\/\/taj-crystal.com\/wp-content\/uploads\/2024\/12\/cropped-WhatsApp-Image-2024-10-17-at-23.10.19.jpeg","width":512,"height":512,"caption":"Taj-Crystal"},"image":{"@id":"https:\/\/taj-crystal.com\/#\/schema\/logo\/image\/"},"sameAs":["https:\/\/www.facebook.com\/profile.php?id=61566584857693"]}]}},"jetpack_sharing_enabled":true,"_links":{"self":[{"href":"https:\/\/taj-crystal.com\/index.php?rest_route=\/wp\/v2\/product\/334","targetHints":{"allow":["GET"]}}],"collection":[{"href":"https:\/\/taj-crystal.com\/index.php?rest_route=\/wp\/v2\/product"}],"about":[{"href":"https:\/\/taj-crystal.com\/index.php?rest_route=\/wp\/v2\/types\/product"}],"replies":[{"embeddable":true,"href":"https:\/\/taj-crystal.com\/index.php?rest_route=%2Fwp%2Fv2%2Fcomments&post=334"}],"version-history":[{"count":30,"href":"https:\/\/taj-crystal.com\/index.php?rest_route=\/wp\/v2\/product\/334\/revisions"}],"predecessor-version":[{"id":28692,"href":"https:\/\/taj-crystal.com\/index.php?rest_route=\/wp\/v2\/product\/334\/revisions\/28692"}],"wp:featuredmedia":[{"embeddable":true,"href":"https:\/\/taj-crystal.com\/index.php?rest_route=\/wp\/v2\/media\/4663"}],"wp:attachment":[{"href":"https:\/\/taj-crystal.com\/index.php?rest_route=%2Fwp%2Fv2%2Fmedia&parent=334"}],"wp:term":[{"taxonomy":"product_brand","embeddable":true,"href":"https:\/\/taj-crystal.com\/index.php?rest_route=%2Fwp%2Fv2%2Fproduct_brand&post=334"},{"taxonomy":"product_cat","embeddable":true,"href":"https:\/\/taj-crystal.com\/index.php?rest_route=%2Fwp%2Fv2%2Fproduct_cat&post=334"},{"taxonomy":"product_tag","embeddable":true,"href":"https:\/\/taj-crystal.com\/index.php?rest_route=%2Fwp%2Fv2%2Fproduct_tag&post=334"}],"curies":[{"name":"wp","href":"https:\/\/api.w.org\/{rel}","templated":true}]}}