{"id":372,"date":"2021-08-27T11:59:19","date_gmt":"2021-08-27T11:59:19","guid":{"rendered":"https:\/\/taj-crystal.com\/product\/augue-adipiscing-euismod\/"},"modified":"2025-08-17T15:40:20","modified_gmt":"2025-08-17T15:40:20","slug":"augue-adipiscing-euismod","status":"publish","type":"product","link":"https:\/\/taj-crystal.com\/?product=augue-adipiscing-euismod","title":{"rendered":"Osmoseur d&#8217;eau sous \u00e9vier domestique- Bleu"},"content":{"rendered":"\t\t<div data-elementor-type=\"wp-post\" data-elementor-id=\"372\" class=\"elementor elementor-372\">\n\t\t\t\t<div class=\"wd-negative-gap elementor-element elementor-element-72fee81d e-flex e-con-boxed e-con e-parent\" data-id=\"72fee81d\" data-element_type=\"container\" data-e-type=\"container\">\n\t\t\t\t\t<div class=\"e-con-inner\">\n\t\t\t\t<div class=\"elementor-element elementor-element-3cf21e6a color-scheme-inherit text-left elementor-widget elementor-widget-text-editor\" data-id=\"3cf21e6a\" data-element_type=\"widget\" data-e-type=\"widget\" data-widget_type=\"text-editor.default\">\n\t\t\t\t<div class=\"elementor-widget-container\">\n\t\t\t\t\t\t\t\t\t<h3>Filtre \u00e0 osmose inverse 7 \u00e9tapes avec 1\u00a0<span class=\"OYPEnA font-feature-liga-off font-feature-clig-off font-feature-calt-off text-decoration-none text-strikethrough-none\">manom\u00e8tre :<\/span><\/h3><div class=\"elementor-element elementor-element-8a8d46e color-scheme-inherit text-left elementor-widget elementor-widget-text-editor\" data-id=\"8a8d46e\" data-element_type=\"widget\" data-widget_type=\"text-editor.default\"><div class=\"elementor-widget-container\"><ul><li><span class=\"OYPEnA font-feature-liga-off font-feature-clig-off font-feature-calt-off text-decoration-none text-strikethrough-none\">7 \u00e9tapes de filtration par Osmose inverse: 280 L\/jour.<\/span><\/li><li>Avec un support m\u00e9tallique et un manom\u00e8tre<\/li><li>Filtre de S\u00e9diment de 5 Microns 10 pouces (<strong>PP<\/strong>)<\/li><li>Pr\u00e9 filtre charbon Actif 10 pouces\u00a0(<strong><em>UDF<\/em><\/strong>)<\/li><li>Pr\u00e9 filtre charbon bloc 10 pouces (<strong><em>CTO<\/em><\/strong>)<\/li><li><span class=\"OYPEnA font-feature-liga-off font-feature-clig-off font-feature-calt-off text-decoration-none text-strikethrough-none\">75 GPD Membrane<\/span><\/li><li>Filtre post charbon<\/li><li>Filtre remin\u00e9ralisateur\u00a0(<strong><em>T33<\/em><\/strong>)<\/li><li><span class=\"OYPEnA font-feature-liga-off font-feature-clig-off font-feature-calt-off text-decoration-none text-strikethrough-none\">R\u00e9servoir de 3,2 Gallon (<strong>6<em>\u00a0litres<\/em><\/strong>) avec pression<\/span><\/li><li><span class=\"OYPEnA font-feature-liga-off font-feature-clig-off font-feature-calt-off text-decoration-none text-strikethrough-none\">Pompe 24V standard<\/span><\/li><li><span class=\"OYPEnA font-feature-liga-off font-feature-clig-off font-feature-calt-off text-decoration-none text-strikethrough-none\">Robinet Inox lux (<strong>304<\/strong>\u00a0<em><strong>style europ\u00e9en<\/strong><\/em>)<\/span><\/li><li><span class=\"OYPEnA font-feature-liga-off font-feature-clig-off font-feature-calt-off text-decoration-none text-strikethrough-none\">60 PSI r\u00e9ducteur de pression<\/span><\/li><li><span class=\"OYPEnA font-feature-liga-off font-feature-clig-off font-feature-calt-off text-decoration-none text-strikethrough-none\">Couleurs: <b>bleu<\/b><\/span><\/li><\/ul><\/div><\/div>\t\t\t\t\t\t\t\t<\/div>\n\t\t\t\t<\/div>\n\t\t\t\t\t<\/div>\n\t\t\t\t<\/div>\n\t\t\t\t<\/div>\n\t\t","protected":false},"excerpt":{"rendered":"<p>Filtre \u00e0 osmose inverse 7 \u00e9tapes avec 1\u00a0manom\u00e8tre : 7 \u00e9tapes de filtration par Osmose inverse: 280 L\/jour. Avec un<\/p>\n","protected":false},"featured_media":28865,"comment_status":"closed","ping_status":"closed","template":"","meta":{"_glsr_average":0,"_glsr_ranking":0,"_glsr_reviews":0},"product_brand":[],"product_cat":[104],"product_tag":[],"class_list":{"0":"post-372","1":"product","2":"type-product","3":"status-publish","4":"has-post-thumbnail","6":"product_cat-systemes-de-filtration-sous-evier","8":"first","9":"instock","10":"taxable","11":"shipping-taxable","12":"purchasable","13":"product-type-simple"},"yoast_head":"<!-- This site is optimized with the Yoast SEO plugin v26.8 - https:\/\/yoast.com\/product\/yoast-seo-wordpress\/ -->\n<title>Osmoseur d&#039;eau sous \u00e9vier domestique- Bleu - Taj-crystal<\/title>\n<meta name=\"robots\" content=\"index, follow, max-snippet:-1, max-image-preview:large, max-video-preview:-1\" \/>\n<link rel=\"canonical\" href=\"https:\/\/taj-crystal.com\/?product=augue-adipiscing-euismod\" \/>\n<meta property=\"og:locale\" content=\"en_US\" \/>\n<meta property=\"og:type\" content=\"article\" \/>\n<meta property=\"og:title\" content=\"Osmoseur d&#039;eau sous \u00e9vier domestique- Bleu - Taj-crystal\" \/>\n<meta property=\"og:description\" content=\"Filtre \u00e0 osmose inverse 7 \u00e9tapes avec 1\u00a0manom\u00e8tre : 7 \u00e9tapes de filtration par Osmose inverse: 280 L\/jour. Avec un\" \/>\n<meta property=\"og:url\" content=\"https:\/\/taj-crystal.com\/?product=augue-adipiscing-euismod\" \/>\n<meta property=\"og:site_name\" content=\"Taj-crystal\" \/>\n<meta property=\"article:publisher\" content=\"https:\/\/www.facebook.com\/profile.php?id=61566584857693\" \/>\n<meta property=\"article:modified_time\" content=\"2025-08-17T15:40:20+00:00\" \/>\n<meta property=\"og:image\" content=\"https:\/\/taj-crystal.com\/wp-content\/uploads\/2021\/08\/TAJ-CRYSTAL-333333333333333.png\" \/>\n\t<meta property=\"og:image:width\" content=\"300\" \/>\n\t<meta property=\"og:image:height\" content=\"300\" \/>\n\t<meta property=\"og:image:type\" content=\"image\/png\" \/>\n<meta name=\"twitter:card\" content=\"summary_large_image\" \/>\n<meta name=\"twitter:label1\" content=\"Est. reading time\" \/>\n\t<meta name=\"twitter:data1\" content=\"1 minute\" \/>\n<script type=\"application\/ld+json\" class=\"yoast-schema-graph\">{\"@context\":\"https:\/\/schema.org\",\"@graph\":[{\"@type\":\"WebPage\",\"@id\":\"https:\/\/taj-crystal.com\/?product=augue-adipiscing-euismod\",\"url\":\"https:\/\/taj-crystal.com\/?product=augue-adipiscing-euismod\",\"name\":\"Osmoseur d'eau sous \u00e9vier domestique- Bleu - Taj-crystal\",\"isPartOf\":{\"@id\":\"https:\/\/taj-crystal.com\/#website\"},\"primaryImageOfPage\":{\"@id\":\"https:\/\/taj-crystal.com\/?product=augue-adipiscing-euismod#primaryimage\"},\"image\":{\"@id\":\"https:\/\/taj-crystal.com\/?product=augue-adipiscing-euismod#primaryimage\"},\"thumbnailUrl\":\"https:\/\/taj-crystal.com\/wp-content\/uploads\/2021\/08\/TAJ-CRYSTAL-333333333333333.png\",\"datePublished\":\"2021-08-27T11:59:19+00:00\",\"dateModified\":\"2025-08-17T15:40:20+00:00\",\"breadcrumb\":{\"@id\":\"https:\/\/taj-crystal.com\/?product=augue-adipiscing-euismod#breadcrumb\"},\"inLanguage\":\"en-US\",\"potentialAction\":[{\"@type\":\"ReadAction\",\"target\":[\"https:\/\/taj-crystal.com\/?product=augue-adipiscing-euismod\"]}]},{\"@type\":\"ImageObject\",\"inLanguage\":\"en-US\",\"@id\":\"https:\/\/taj-crystal.com\/?product=augue-adipiscing-euismod#primaryimage\",\"url\":\"https:\/\/taj-crystal.com\/wp-content\/uploads\/2021\/08\/TAJ-CRYSTAL-333333333333333.png\",\"contentUrl\":\"https:\/\/taj-crystal.com\/wp-content\/uploads\/2021\/08\/TAJ-CRYSTAL-333333333333333.png\",\"width\":300,\"height\":300},{\"@type\":\"BreadcrumbList\",\"@id\":\"https:\/\/taj-crystal.com\/?product=augue-adipiscing-euismod#breadcrumb\",\"itemListElement\":[{\"@type\":\"ListItem\",\"position\":1,\"name\":\"Home\",\"item\":\"https:\/\/taj-crystal.com\/\"},{\"@type\":\"ListItem\",\"position\":2,\"name\":\"Products\",\"item\":\"https:\/\/taj-crystal.com\/shop\/\"},{\"@type\":\"ListItem\",\"position\":3,\"name\":\"Osmoseur d&#8217;eau sous \u00e9vier domestique- Bleu\"}]},{\"@type\":\"WebSite\",\"@id\":\"https:\/\/taj-crystal.com\/#website\",\"url\":\"https:\/\/taj-crystal.com\/\",\"name\":\"Taj-Crystal\",\"description\":\"| Achat Filtre \u00e0 eau Maroc | Purificateur d&#039;eau\",\"publisher\":{\"@id\":\"https:\/\/taj-crystal.com\/#organization\"},\"potentialAction\":[{\"@type\":\"SearchAction\",\"target\":{\"@type\":\"EntryPoint\",\"urlTemplate\":\"https:\/\/taj-crystal.com\/?s={search_term_string}\"},\"query-input\":{\"@type\":\"PropertyValueSpecification\",\"valueRequired\":true,\"valueName\":\"search_term_string\"}}],\"inLanguage\":\"en-US\"},{\"@type\":\"Organization\",\"@id\":\"https:\/\/taj-crystal.com\/#organization\",\"name\":\"Taj-Crystal\",\"url\":\"https:\/\/taj-crystal.com\/\",\"logo\":{\"@type\":\"ImageObject\",\"inLanguage\":\"en-US\",\"@id\":\"https:\/\/taj-crystal.com\/#\/schema\/logo\/image\/\",\"url\":\"https:\/\/taj-crystal.com\/wp-content\/uploads\/2024\/12\/cropped-WhatsApp-Image-2024-10-17-at-23.10.19.jpeg\",\"contentUrl\":\"https:\/\/taj-crystal.com\/wp-content\/uploads\/2024\/12\/cropped-WhatsApp-Image-2024-10-17-at-23.10.19.jpeg\",\"width\":512,\"height\":512,\"caption\":\"Taj-Crystal\"},\"image\":{\"@id\":\"https:\/\/taj-crystal.com\/#\/schema\/logo\/image\/\"},\"sameAs\":[\"https:\/\/www.facebook.com\/profile.php?id=61566584857693\"]}]}<\/script>\n<!-- \/ Yoast SEO plugin. -->","yoast_head_json":{"title":"Osmoseur d'eau sous \u00e9vier domestique- Bleu - Taj-crystal","robots":{"index":"index","follow":"follow","max-snippet":"max-snippet:-1","max-image-preview":"max-image-preview:large","max-video-preview":"max-video-preview:-1"},"canonical":"https:\/\/taj-crystal.com\/?product=augue-adipiscing-euismod","og_locale":"en_US","og_type":"article","og_title":"Osmoseur d'eau sous \u00e9vier domestique- Bleu - Taj-crystal","og_description":"Filtre \u00e0 osmose inverse 7 \u00e9tapes avec 1\u00a0manom\u00e8tre : 7 \u00e9tapes de filtration par Osmose inverse: 280 L\/jour. Avec un","og_url":"https:\/\/taj-crystal.com\/?product=augue-adipiscing-euismod","og_site_name":"Taj-crystal","article_publisher":"https:\/\/www.facebook.com\/profile.php?id=61566584857693","article_modified_time":"2025-08-17T15:40:20+00:00","og_image":[{"width":300,"height":300,"url":"https:\/\/taj-crystal.com\/wp-content\/uploads\/2021\/08\/TAJ-CRYSTAL-333333333333333.png","type":"image\/png"}],"twitter_card":"summary_large_image","twitter_misc":{"Est. reading time":"1 minute"},"schema":{"@context":"https:\/\/schema.org","@graph":[{"@type":"WebPage","@id":"https:\/\/taj-crystal.com\/?product=augue-adipiscing-euismod","url":"https:\/\/taj-crystal.com\/?product=augue-adipiscing-euismod","name":"Osmoseur d'eau sous \u00e9vier domestique- Bleu - Taj-crystal","isPartOf":{"@id":"https:\/\/taj-crystal.com\/#website"},"primaryImageOfPage":{"@id":"https:\/\/taj-crystal.com\/?product=augue-adipiscing-euismod#primaryimage"},"image":{"@id":"https:\/\/taj-crystal.com\/?product=augue-adipiscing-euismod#primaryimage"},"thumbnailUrl":"https:\/\/taj-crystal.com\/wp-content\/uploads\/2021\/08\/TAJ-CRYSTAL-333333333333333.png","datePublished":"2021-08-27T11:59:19+00:00","dateModified":"2025-08-17T15:40:20+00:00","breadcrumb":{"@id":"https:\/\/taj-crystal.com\/?product=augue-adipiscing-euismod#breadcrumb"},"inLanguage":"en-US","potentialAction":[{"@type":"ReadAction","target":["https:\/\/taj-crystal.com\/?product=augue-adipiscing-euismod"]}]},{"@type":"ImageObject","inLanguage":"en-US","@id":"https:\/\/taj-crystal.com\/?product=augue-adipiscing-euismod#primaryimage","url":"https:\/\/taj-crystal.com\/wp-content\/uploads\/2021\/08\/TAJ-CRYSTAL-333333333333333.png","contentUrl":"https:\/\/taj-crystal.com\/wp-content\/uploads\/2021\/08\/TAJ-CRYSTAL-333333333333333.png","width":300,"height":300},{"@type":"BreadcrumbList","@id":"https:\/\/taj-crystal.com\/?product=augue-adipiscing-euismod#breadcrumb","itemListElement":[{"@type":"ListItem","position":1,"name":"Home","item":"https:\/\/taj-crystal.com\/"},{"@type":"ListItem","position":2,"name":"Products","item":"https:\/\/taj-crystal.com\/shop\/"},{"@type":"ListItem","position":3,"name":"Osmoseur d&#8217;eau sous \u00e9vier domestique- Bleu"}]},{"@type":"WebSite","@id":"https:\/\/taj-crystal.com\/#website","url":"https:\/\/taj-crystal.com\/","name":"Taj-Crystal","description":"| Achat Filtre \u00e0 eau Maroc | Purificateur d&#039;eau","publisher":{"@id":"https:\/\/taj-crystal.com\/#organization"},"potentialAction":[{"@type":"SearchAction","target":{"@type":"EntryPoint","urlTemplate":"https:\/\/taj-crystal.com\/?s={search_term_string}"},"query-input":{"@type":"PropertyValueSpecification","valueRequired":true,"valueName":"search_term_string"}}],"inLanguage":"en-US"},{"@type":"Organization","@id":"https:\/\/taj-crystal.com\/#organization","name":"Taj-Crystal","url":"https:\/\/taj-crystal.com\/","logo":{"@type":"ImageObject","inLanguage":"en-US","@id":"https:\/\/taj-crystal.com\/#\/schema\/logo\/image\/","url":"https:\/\/taj-crystal.com\/wp-content\/uploads\/2024\/12\/cropped-WhatsApp-Image-2024-10-17-at-23.10.19.jpeg","contentUrl":"https:\/\/taj-crystal.com\/wp-content\/uploads\/2024\/12\/cropped-WhatsApp-Image-2024-10-17-at-23.10.19.jpeg","width":512,"height":512,"caption":"Taj-Crystal"},"image":{"@id":"https:\/\/taj-crystal.com\/#\/schema\/logo\/image\/"},"sameAs":["https:\/\/www.facebook.com\/profile.php?id=61566584857693"]}]}},"jetpack_sharing_enabled":true,"_links":{"self":[{"href":"https:\/\/taj-crystal.com\/index.php?rest_route=\/wp\/v2\/product\/372","targetHints":{"allow":["GET"]}}],"collection":[{"href":"https:\/\/taj-crystal.com\/index.php?rest_route=\/wp\/v2\/product"}],"about":[{"href":"https:\/\/taj-crystal.com\/index.php?rest_route=\/wp\/v2\/types\/product"}],"replies":[{"embeddable":true,"href":"https:\/\/taj-crystal.com\/index.php?rest_route=%2Fwp%2Fv2%2Fcomments&post=372"}],"version-history":[{"count":0,"href":"https:\/\/taj-crystal.com\/index.php?rest_route=\/wp\/v2\/product\/372\/revisions"}],"wp:featuredmedia":[{"embeddable":true,"href":"https:\/\/taj-crystal.com\/index.php?rest_route=\/wp\/v2\/media\/28865"}],"wp:attachment":[{"href":"https:\/\/taj-crystal.com\/index.php?rest_route=%2Fwp%2Fv2%2Fmedia&parent=372"}],"wp:term":[{"taxonomy":"product_brand","embeddable":true,"href":"https:\/\/taj-crystal.com\/index.php?rest_route=%2Fwp%2Fv2%2Fproduct_brand&post=372"},{"taxonomy":"product_cat","embeddable":true,"href":"https:\/\/taj-crystal.com\/index.php?rest_route=%2Fwp%2Fv2%2Fproduct_cat&post=372"},{"taxonomy":"product_tag","embeddable":true,"href":"https:\/\/taj-crystal.com\/index.php?rest_route=%2Fwp%2Fv2%2Fproduct_tag&post=372"}],"curies":[{"name":"wp","href":"https:\/\/api.w.org\/{rel}","templated":true}]}}